{"id":878,"date":"2024-01-09T15:22:38","date_gmt":"2024-01-09T14:22:38","guid":{"rendered":"https:\/\/punktpilates.pl\/?page_id=878"},"modified":"2024-01-10T13:42:17","modified_gmt":"2024-01-10T12:42:17","slug":"dofinansowanie","status":"publish","type":"page","link":"https:\/\/punktpilates.pl\/?page_id=878","title":{"rendered":"Dofinansowanie"},"content":{"rendered":"\t\t<div data-elementor-type=\"wp-page\" data-elementor-id=\"878\" class=\"elementor elementor-878\">\n\t\t\t\t\t\t\t\t\t<section class=\"elementor-section elementor-top-section elementor-element elementor-element-9a92c77 elementor-section-boxed elementor-section-height-default elementor-section-height-default\" data-id=\"9a92c77\" data-element_type=\"section\">\n\t\t\t\t\t\t<div class=\"elementor-container elementor-column-gap-default\">\n\t\t\t\t\t<div class=\"elementor-column elementor-col-100 elementor-top-column elementor-element elementor-element-0979e37\" data-id=\"0979e37\" data-element_type=\"column\">\n\t\t\t<div class=\"elementor-widget-wrap elementor-element-populated\">\n\t\t\t\t\t\t\t\t<div class=\"elementor-element elementor-element-127aa9b elementor-widget elementor-widget-text-editor\" data-id=\"127aa9b\" data-element_type=\"widget\" data-widget_type=\"text-editor.default\">\n\t\t\t\t<div class=\"elementor-widget-container\">\n\t\t\t<style>\/*! elementor - v3.13.2 - 11-05-2023 *\/\n.elementor-widget-text-editor.elementor-drop-cap-view-stacked .elementor-drop-cap{background-color:#69727d;color:#fff}.elementor-widget-text-editor.elementor-drop-cap-view-framed .elementor-drop-cap{color:#69727d;border:3px solid;background-color:transparent}.elementor-widget-text-editor:not(.elementor-drop-cap-view-default) .elementor-drop-cap{margin-top:8px}.elementor-widget-text-editor:not(.elementor-drop-cap-view-default) .elementor-drop-cap-letter{width:1em;height:1em}.elementor-widget-text-editor .elementor-drop-cap{float:left;text-align:center;line-height:1;font-size:50px}.elementor-widget-text-editor .elementor-drop-cap-letter{display:inline-block}<\/style>\t\t\t\t<p><strong>&#8220;Europejski Fundusz Rolny na rzecz Rozwoju Obszar\u00f3w Wiejskich: Europa inwestuj\u0105ca w obszary wiejskie.&#8221;<\/strong><\/p><p><strong>O<\/strong><strong style=\"font-size: 14px; color: var( --e-global-color-text );\">peracja pn. \u201dPunkt Pilates- za\u0142o\u017cenie dzia\u0142alno\u015bci gospodarczej&#8221; maj\u0105ca na celu utworzenie dzia\u0142alno\u015bci gospodarczej Punkt Pilates w zakresie prowadzenia zaj\u0119\u0107 ruchowych poprzez zakup niezb\u0119dnego sprz\u0119tu oraz samozatrudnienie, wsp\u00f3\u0142finansowana jest ze \u015brodk\u00f3w Unii Europejskiej w ramach dzia\u0142ania 19. Wsparcie dla rozwoju lokalnego w ramach inicjatywy LEADER poddzia\u0142anie 19.2 \u201eWsparcie dla rozwoju lokalnego w ramach inicjatywy LEADER\u201d Programu Rozwoju Obszar\u00f3w Wiejskich na lata 2014-2020.<\/strong><\/p>\t\t\t\t\t\t<\/div>\n\t\t\t\t<\/div>\n\t\t\t\t\t<\/div>\n\t\t<\/div>\n\t\t\t\t\t\t\t<\/div>\n\t\t<\/section>\n\t\t\t\t<section class=\"elementor-section elementor-top-section elementor-element elementor-element-0c657ba elementor-section-boxed elementor-section-height-default elementor-section-height-default\" data-id=\"0c657ba\" data-element_type=\"section\">\n\t\t\t\t\t\t<div class=\"elementor-container elementor-column-gap-default\">\n\t\t\t\t\t<div class=\"elementor-column elementor-col-25 elementor-top-column elementor-element elementor-element-4d9280d\" data-id=\"4d9280d\" data-element_type=\"column\">\n\t\t\t<div class=\"elementor-widget-wrap elementor-element-populated\">\n\t\t\t\t\t\t\t\t<div class=\"elementor-element elementor-element-0ce58fa elementor-widget elementor-widget-image\" data-id=\"0ce58fa\" data-element_type=\"widget\" data-widget_type=\"image.default\">\n\t\t\t\t<div class=\"elementor-widget-container\">\n\t\t\t<style>\/*! elementor - v3.13.2 - 11-05-2023 *\/\n.elementor-widget-image{text-align:center}.elementor-widget-image a{display:inline-block}.elementor-widget-image a img[src$=\".svg\"]{width:48px}.elementor-widget-image img{vertical-align:middle;display:inline-block}<\/style>\t\t\t\t\t\t\t\t\t\t\t\t<img decoding=\"async\" width=\"600\" height=\"401\" src=\"https:\/\/punktpilates.pl\/wp-content\/uploads\/2023\/05\/flag_yellow_low.jpg\" class=\"attachment-large size-large wp-image-138\" alt=\"\" loading=\"lazy\" srcset=\"https:\/\/punktpilates.pl\/wp-content\/uploads\/2023\/05\/flag_yellow_low.jpg 600w, https:\/\/punktpilates.pl\/wp-content\/uploads\/2023\/05\/flag_yellow_low-300x201.jpg 300w\" sizes=\"(max-width: 600px) 100vw, 600px\" \/>\t\t\t\t\t\t\t\t\t\t\t\t\t\t\t<\/div>\n\t\t\t\t<\/div>\n\t\t\t\t\t<\/div>\n\t\t<\/div>\n\t\t\t\t<div class=\"elementor-column elementor-col-25 elementor-top-column elementor-element elementor-element-229c3ba\" data-id=\"229c3ba\" data-element_type=\"column\">\n\t\t\t<div class=\"elementor-widget-wrap elementor-element-populated\">\n\t\t\t\t\t\t\t\t<div class=\"elementor-element elementor-element-1f0b88b elementor-widget__width-initial e-transform elementor-widget elementor-widget-image\" data-id=\"1f0b88b\" data-element_type=\"widget\" data-settings=\"{&quot;_transform_scale_effect&quot;:{&quot;unit&quot;:&quot;px&quot;,&quot;size&quot;:&quot;&quot;,&quot;sizes&quot;:[]},&quot;_transform_scale_effect_tablet&quot;:{&quot;unit&quot;:&quot;px&quot;,&quot;size&quot;:&quot;&quot;,&quot;sizes&quot;:[]},&quot;_transform_scale_effect_mobile&quot;:{&quot;unit&quot;:&quot;px&quot;,&quot;size&quot;:&quot;&quot;,&quot;sizes&quot;:[]}}\" data-widget_type=\"image.default\">\n\t\t\t\t<div class=\"elementor-widget-container\">\n\t\t\t\t\t\t\t\t\t\t\t\t\t\t\t<img decoding=\"async\" width=\"258\" height=\"253\" src=\"https:\/\/punktpilates.pl\/wp-content\/uploads\/2023\/05\/Leader.png\" class=\"attachment-full size-full wp-image-139\" alt=\"\" loading=\"lazy\" \/>\t\t\t\t\t\t\t\t\t\t\t\t\t\t\t<\/div>\n\t\t\t\t<\/div>\n\t\t\t\t\t<\/div>\n\t\t<\/div>\n\t\t\t\t<div class=\"elementor-column elementor-col-25 elementor-top-column elementor-element elementor-element-d1e4a18\" data-id=\"d1e4a18\" data-element_type=\"column\">\n\t\t\t<div class=\"elementor-widget-wrap elementor-element-populated\">\n\t\t\t\t\t\t\t\t<div class=\"elementor-element elementor-element-426993b elementor-widget__width-initial elementor-widget elementor-widget-image\" data-id=\"426993b\" data-element_type=\"widget\" data-widget_type=\"image.default\">\n\t\t\t\t<div class=\"elementor-widget-container\">\n\t\t\t\t\t\t\t\t\t\t\t\t\t\t\t<img decoding=\"async\" width=\"161\" height=\"161\" src=\"https:\/\/punktpilates.pl\/wp-content\/uploads\/2023\/05\/BOWH.png\" class=\"attachment-large size-large wp-image-137\" alt=\"\" loading=\"lazy\" srcset=\"https:\/\/punktpilates.pl\/wp-content\/uploads\/2023\/05\/BOWH.png 161w, https:\/\/punktpilates.pl\/wp-content\/uploads\/2023\/05\/BOWH-150x150.png 150w\" sizes=\"(max-width: 161px) 100vw, 161px\" \/>\t\t\t\t\t\t\t\t\t\t\t\t\t\t\t<\/div>\n\t\t\t\t<\/div>\n\t\t\t\t\t<\/div>\n\t\t<\/div>\n\t\t\t\t<div class=\"elementor-column elementor-col-25 elementor-top-column elementor-element elementor-element-fba5a85\" data-id=\"fba5a85\" data-element_type=\"column\">\n\t\t\t<div class=\"elementor-widget-wrap elementor-element-populated\">\n\t\t\t\t\t\t\t\t<div class=\"elementor-element elementor-element-082bf29 elementor-widget elementor-widget-image\" data-id=\"082bf29\" data-element_type=\"widget\" data-widget_type=\"image.default\">\n\t\t\t\t<div class=\"elementor-widget-container\">\n\t\t\t\t\t\t\t\t\t\t\t\t\t\t\t<img decoding=\"async\" width=\"1024\" height=\"670\" src=\"https:\/\/punktpilates.pl\/wp-content\/uploads\/2023\/05\/PROW-2014-2020-logo-kolor-1024x670.jpg\" class=\"attachment-large size-large wp-image-140\" alt=\"\" loading=\"lazy\" srcset=\"https:\/\/punktpilates.pl\/wp-content\/uploads\/2023\/05\/PROW-2014-2020-logo-kolor-1024x670.jpg 1024w, https:\/\/punktpilates.pl\/wp-content\/uploads\/2023\/05\/PROW-2014-2020-logo-kolor-300x196.jpg 300w, https:\/\/punktpilates.pl\/wp-content\/uploads\/2023\/05\/PROW-2014-2020-logo-kolor-768x503.jpg 768w, https:\/\/punktpilates.pl\/wp-content\/uploads\/2023\/05\/PROW-2014-2020-logo-kolor.jpg 1059w\" sizes=\"(max-width: 1024px) 100vw, 1024px\" \/>\t\t\t\t\t\t\t\t\t\t\t\t\t\t\t<\/div>\n\t\t\t\t<\/div>\n\t\t\t\t\t<\/div>\n\t\t<\/div>\n\t\t\t\t\t\t\t<\/div>\n\t\t<\/section>\n\t\t\t\t\t\t\t<\/div>\n\t\t","protected":false},"excerpt":{"rendered":"<p>&#8220;Europejski Fundusz Rolny na rzecz Rozwoju Obszar\u00f3w Wiejskich: Europa inwestuj\u0105ca w obszary wiejskie.&#8221; Operacja pn. \u201dPunkt Pilates- za\u0142o\u017cenie dzia\u0142alno\u015bci gospodarczej&#8221; maj\u0105ca na celu utworzenie dzia\u0142alno\u015bci gospodarczej Punkt Pilates w zakresie prowadzenia zaj\u0119\u0107 ruchowych poprzez zakup niezb\u0119dnego sprz\u0119tu oraz samozatrudnienie, wsp\u00f3\u0142finansowana jest ze \u015brodk\u00f3w Unii Europejskiej w ramach dzia\u0142ania 19. Wsparcie dla rozwoju lokalnego w ramach [&hellip;]<\/p>\n","protected":false},"author":1,"featured_media":0,"parent":0,"menu_order":0,"comment_status":"closed","ping_status":"closed","template":"","meta":[],"_links":{"self":[{"href":"https:\/\/punktpilates.pl\/index.php?rest_route=\/wp\/v2\/pages\/878"}],"collection":[{"href":"https:\/\/punktpilates.pl\/index.php?rest_route=\/wp\/v2\/pages"}],"about":[{"href":"https:\/\/punktpilates.pl\/index.php?rest_route=\/wp\/v2\/types\/page"}],"author":[{"embeddable":true,"href":"https:\/\/punktpilates.pl\/index.php?rest_route=\/wp\/v2\/users\/1"}],"replies":[{"embeddable":true,"href":"https:\/\/punktpilates.pl\/index.php?rest_route=%2Fwp%2Fv2%2Fcomments&post=878"}],"version-history":[{"count":13,"href":"https:\/\/punktpilates.pl\/index.php?rest_route=\/wp\/v2\/pages\/878\/revisions"}],"predecessor-version":[{"id":893,"href":"https:\/\/punktpilates.pl\/index.php?rest_route=\/wp\/v2\/pages\/878\/revisions\/893"}],"wp:attachment":[{"href":"https:\/\/punktpilates.pl\/index.php?rest_route=%2Fwp%2Fv2%2Fmedia&parent=878"}],"curies":[{"name":"wp","href":"https:\/\/api.w.org\/{rel}","templated":true}]}}